{"id":2285,"date":"2023-02-01T09:55:38","date_gmt":"2023-02-01T09:55:38","guid":{"rendered":"https:\/\/jannseni.eu\/refresh\/ravijarjekorra-pidamise-reeglid\/"},"modified":"2023-03-10T12:00:42","modified_gmt":"2023-03-10T12:00:42","slug":"ravijarjekorra-pidamise-reeglid","status":"publish","type":"page","link":"https:\/\/jannseni.eu\/ru\/ravijarjekorra-pidamise-reeglid\/","title":{"rendered":"\u041f\u0440\u0430\u0432\u0438\u043b\u0430 \u0437\u0430\u043f\u0438\u0441\u0438 \u0432 \u043e\u0447\u0435\u0440\u0435\u0434\u044c \u043d\u0430 \u043b\u0435\u0447\u0435\u043d\u0438\u0435"},"content":{"rendered":"<div class=\"wpb-content-wrapper\"><p>[vc_row full_width=&#187;stretch_row&#187; css=&#187;.vc_custom_1675243365968{padding-top: 2em !important;padding-bottom: 1em !important;background-color: #ffffff !important;}&#187;][vc_column][vc_custom_heading text=&#187;\u041f\u0440\u0430\u0432\u0438\u043b\u0430 \u0437\u0430\u043f\u0438\u0441\u0438 \u0432 \u043e\u0447\u0435\u0440\u0435\u0434\u044c \u043d\u0430 \u043b\u0435\u0447\u0435\u043d\u0438\u0435&#187; font_container=&#187;tag:h1|text_align:left|color:%23060804&#8243; use_theme_fonts=&#187;yes&#187; el_class=&#187;section-heading&#187;][\/vc_column][\/vc_row][vc_row full_width=&#187;stretch_row&#187; css=&#187;.vc_custom_1675245221128{padding-top: 2em !important;padding-bottom: 2em !important;}&#187;][vc_column][vc_row_inner][vc_column_inner width=&#187;1\/2&#8243;][vc_column_text]<\/p>\n<h3>Tervishoiuteenuse osutaja peab ravij\u00e4rjekorda elektrooniliselt.<\/h3>\n<p>Patsiendi ravij\u00e4rjekorda registreerimine peab olema tagatud pidevalt k\u00f5igil t\u00f6\u00f6p\u00e4evadel ajavahemikus kella 9.00-15.00.\u00a0Ravij\u00e4rkorra pidamise eest vastutab administraator<\/p>\n<p>Tervishoiuteenuse osutaja on kohustatud esimesel p\u00f6\u00f6rdumisel registreerima k\u00f5ik l\u00f5ikes 2 s\u00e4testatud ajavahemikus saabunud ravij\u00e4rjekorra taotlused olenemata ravij\u00e4rjekorra pikkusest ja muudest asjaoludest.<\/p>\n<p>Kui tervishoiuteenuse osutaja registreerib patsiendi ravij\u00e4rjekorda tervishoiuteenuse osutaja tegevuskohas, kantakse ravij\u00e4rjekorda j\u00e4rgmised andmed:<\/p>\n<ol>\n<li>patsiendi ees- ja perekonnanimi, isikukood (puudumisel s\u00fcnniaeg);<\/li>\n<li>planeeritav vastuv\u00f5tu v\u00f5i hospitaliseerimise aeg;<\/li>\n<li>planeeritava tervishoiuteenuse osutamise n\u00e4idustus (diagnoos ja operatsiooni, uuringu v\u00f5i protseduuri nimetus);<\/li>\n<li>patsiendi kontaktandmed;<\/li>\n<li>suunava arsti kontaktandmed (suunamise olemasolul);<\/li>\n<li>patsiendi ravij\u00e4rjekorda registreerimise kuup\u00e4ev;<\/li>\n<li>ravij\u00e4rjekorras muudatuste tegemise (ravij\u00e4rjekorras ette- v\u00f5i tahapoole viimise v\u00f5i ravij\u00e4rjekorrast v\u00e4ljaarvamise) kuup\u00e4ev ja p\u00f5hjus;<\/li>\n<li>ravij\u00e4rjekorda panemise p\u00f5hjuse kood, kui ooteaeg \u00fcletab Eesti Haigekassa n\u00f5ukogu poolt kinnitatud ravij\u00e4rjekorra maksimumpikkust;<\/li>\n<li>m\u00e4rge, et patsienti on teavitatud ravij\u00e4rjekorras muudatuste tegemisest.<\/li>\n<\/ol>\n<p>[\/vc_column_text][\/vc_column_inner][vc_column_inner width=&#187;1\/2&#8243;][vc_column_text]<\/p>\n<h3>Ravij\u00e4rjekorda panemise p\u00f5hjused kodeeritakse j\u00e4rgmiselt<\/h3>\n<p><strong>kood 61<\/strong> \u2013\u00a0isikud, kelle ooteaeg ei \u00fcleta haigekassa n\u00f5ukogu poolt kehtestatud maksimumaega.<\/p>\n<p><strong>kood 62<\/strong> \u2013 isikud, kelle ooteaeg \u00fcletab haigekassa n\u00f5ukogu poolt kehtestatud maksimumaega rahalisel p\u00f5hjusel. Kood 62 m\u00e4rgitakse ainult juhul, kui raviasutusel on olemas piisav v\u00f5imsus (sh vabad ruumid ja t\u00f6\u00f6j\u00f5ud) suurendada lepingu suurendamisel\u00a0<u>koheselt<\/u>\u00a0vastuv\u00f5ttude arvu vastaval erialal.<\/p>\n<p><strong>kood 63<\/strong> \u2013 isikud, kelle ooteaeg \u00fcletab haigekassa n\u00f5ukogu poolt kehtestatud maksimumaega v\u00f5imsuse puudumisel. Kood 63 m\u00e4rgitakse juhul, kui pika ooteaja p\u00f5hjuseks on arstide v\u00e4hesus raviasutuses vms vastaval erialal. Kood 63 m\u00e4rgitakse ka juhul, kui raviasutuse lepingu maht on t\u00e4idetud\/t\u00e4idetakse, kuid raviasutusel ei ole piisavat v\u00f5imsust suurendada lepingu suurendamisel\u00a0<u>koheselt<\/u>\u00a0vastuv\u00f5ttude arvu vastaval erialal.<\/p>\n<p><strong>kood 64<\/strong> \u2013 isikud, kelle ooteaeg \u00fcletab haigekassa n\u00f5ukogu poolt kehtestatud maksimumaega patsiendi soovil. Kood 64 m\u00e4rgitakse juhul, kui patsiendile on eelnevalt pakutud\u00a0<u>maksimumaega mitte\u00fcletavat ooteaega<\/u>\u00a0samas raviasutuses samal erialal, kuid patsient soovib p\u00f6\u00f6rduda kindla arsti poole ja on n\u00f5us pikemalt ootama.<\/p>\n<p>Kui tervishoiuteenuse osutaja registreerib patsiendi ravij\u00e4rjekorda telefoni v\u00f5i interneti teel, kantakse ravij\u00e4rjekorda v\u00e4hemalt l\u00f5ike 4 punktides 1, 2, 4, 6, 7 ja 8 s\u00e4testatud andmed (st nimi, isikukood, planeeritav vastuv\u00f5tu aeg, kontaktandmed, j\u00e4rjekorda registreerimise ja muudatuste tegemise kuup\u00e4ev ning j\u00e4rjekorda panemise p\u00f5hjus).<\/p>\n<p>Patsiendi registreerimisel ravij\u00e4rjekorda tervishoiuteenuse osutaja tegevuskohas peab tervishoiuteenuse osutaja andma patsiendile\u00a0<strong>kirjaliku teatise<\/strong>, mis sisaldab tervishoiuteenuse osutamise aega ja tervishoiuteenust osutava struktuuri\u00fcksuse v\u00f5i tervishoiut\u00f6\u00f6taja nime ja telefoninumbrit.<\/p>\n<p>Kui patsient registreeritakse ravij\u00e4rjekorda\u00a0<strong>telefoni v\u00f5i interneti teel<\/strong>, peab tervishoiuteenuse osutaja teatama patsiendile telefoni v\u00f5i interneti teel tervishoiuteenuse osutamise aja ja tervishoiuteenust osutava struktuuri\u00fcksuse tervishoiut\u00f6\u00f6taja nime ja telefoninumbri.<\/p>\n<p>Ravij\u00e4rjekorras muudatuste tegemisel on tervishoiuteenuse osutaja kohustatud patsiendile muudatustest teatama hiljemalt\u00a0<strong>\u00fche t\u00f6\u00f6p\u00e4eva jooksul<\/strong>\u00a0arvates muudatuste tegemisest ning s\u00e4ilitama varasema teabe koos m\u00e4rkega, et patsienti on muudatustest teavitatud.[\/vc_column_text][\/vc_column_inner][\/vc_row_inner][\/vc_column][\/vc_row]<\/p>\n<\/div>","protected":false},"excerpt":{"rendered":"<p>[vc_row full_width=&#187;stretch_row&#187; css=&#187;.vc_custom_1675243365968{padding-top: 2em !important;padding-bottom: 1em !important;background-color: #ffffff !important;}&#187;][vc_column][vc_custom_heading text=&#187;\u041f\u0440\u0430\u0432\u0438\u043b\u0430 \u0437\u0430\u043f\u0438\u0441\u0438 \u0432 \u043e\u0447\u0435\u0440\u0435\u0434\u044c \u043d\u0430 \u043b\u0435\u0447\u0435\u043d\u0438\u0435&#187; font_container=&#187;tag:h1|text_align:left|color:%23060804&#8243; use_theme_fonts=&#187;yes&#187; el_class=&#187;section-heading&#187;][\/vc_column][\/vc_row][vc_row full_width=&#187;stretch_row&#187; css=&#187;.vc_custom_1675245221128{padding-top: 2em !important;padding-bottom: 2em !important;}&#187;][vc_column][vc_row_inner][vc_column_inner width=&#187;1\/2&#8243;][vc_column_text] Tervishoiuteenuse osutaja peab ravij\u00e4rjekorda elektrooniliselt. Patsiendi ravij\u00e4rjekorda registreerimine peab olema tagatud pidevalt k\u00f5igil t\u00f6\u00f6p\u00e4evadel ajavahemikus kella 9.00-15.00.\u00a0Ravij\u00e4rkorra pidamise eest vastutab administraator Tervishoiuteenuse osutaja on kohustatud esimesel p\u00f6\u00f6rdumisel registreerima k\u00f5ik l\u00f5ikes&hellip;<\/p>\n","protected":false},"author":1,"featured_media":0,"parent":0,"menu_order":0,"comment_status":"closed","ping_status":"closed","template":"","meta":{"_acf_changed":false,"inline_featured_image":false,"footnotes":""},"class_list":["post-2285","page","type-page","status-publish","hentry"],"acf":[],"_links":{"self":[{"href":"https:\/\/jannseni.eu\/ru\/wp-json\/wp\/v2\/pages\/2285","targetHints":{"allow":["GET"]}}],"collection":[{"href":"https:\/\/jannseni.eu\/ru\/wp-json\/wp\/v2\/pages"}],"about":[{"href":"https:\/\/jannseni.eu\/ru\/wp-json\/wp\/v2\/types\/page"}],"author":[{"embeddable":true,"href":"https:\/\/jannseni.eu\/ru\/wp-json\/wp\/v2\/users\/1"}],"replies":[{"embeddable":true,"href":"https:\/\/jannseni.eu\/ru\/wp-json\/wp\/v2\/comments?post=2285"}],"version-history":[{"count":2,"href":"https:\/\/jannseni.eu\/ru\/wp-json\/wp\/v2\/pages\/2285\/revisions"}],"predecessor-version":[{"id":2402,"href":"https:\/\/jannseni.eu\/ru\/wp-json\/wp\/v2\/pages\/2285\/revisions\/2402"}],"wp:attachment":[{"href":"https:\/\/jannseni.eu\/ru\/wp-json\/wp\/v2\/media?parent=2285"}],"curies":[{"name":"wp","href":"https:\/\/api.w.org\/{rel}","templated":true}]}}