{"id":2227,"date":"2018-11-01T14:54:49","date_gmt":"2018-11-01T14:54:49","guid":{"rendered":"https:\/\/jannseni.eu\/refresh\/home\/"},"modified":"2026-01-06T09:30:07","modified_gmt":"2026-01-06T09:30:07","slug":"home","status":"publish","type":"page","link":"https:\/\/jannseni.eu\/ru\/","title":{"rendered":"\u0413\u043b\u0430\u0432\u043d\u0430\u044f"},"content":{"rendered":"<div class=\"wpb-content-wrapper\"><p>[vc_row css=&#187;.vc_custom_1678363171455{padding-top: 2em !important;padding-bottom: 2em !important;}&#187; el_id=&#187;note&#187; el_class=&#187;note&#187;][vc_column][lab_message type=&#187;warning&#187; message=&#187;<\/p>\n<h4>\u041d\u0415 \u0417\u0410\u0411\u0423\u0414\u042c\u0422\u0415 \u041f\u041e\u0421\u0415\u0429\u0410\u0422\u042c \u041f\u041e\u041b\u041e\u0422\u0415\u041d\u0426\u0415\u0412\u041e\u0413\u041e \u0413\u0418\u0413\u0418\u0415\u041d\u0418\u0421\u0422\u0410 \u0420\u0410\u0417 \u0412 \u0413\u041e\u0414<\/h4>\n<p>&#171;][\/vc_column][\/vc_row][vc_row content_placement=&#187;middle&#187; video_bg=&#187;yes&#187; video_bg_url=&#187;https:\/\/www.youtube.com\/watch?v=9q53sEbhHZk&#187; video_bg_parallax=&#187;content-moving&#187; css_animation=&#187;none&#187; css=&#187;.vc_custom_1678363314888{background-position: center !important;background-repeat: no-repeat !important;background-size: cover !important;}&#187;][vc_column offset=&#187;vc_hidden-xs&#187;][vc_empty_space height=&#187;450px&#187;][\/vc_column][\/vc_row][vc_row content_placement=&#187;middle&#187; css_animation=&#187;none&#187; css=&#187;.vc_custom_1678363865814{background-position: center !important;background-repeat: no-repeat !important;background-size: cover !important;}&#187;][vc_column offset=&#187;vc_hidden-lg vc_hidden-md vc_hidden-sm&#187;][vc_images_carousel images=&#187;3018,4126,3972,3022,4124&#8243; img_size=&#187;large&#187; onclick=&#187;link_no&#187; speed=&#187;3000&#8243; autoplay=&#187;yes&#187; hide_pagination_control=&#187;yes&#187; wrap=&#187;yes&#187; css=&#187;&#187;][\/vc_column][\/vc_row][vc_row full_width=&#187;stretch_row&#187; el_class=&#187;welcome-box&#187; css=&#187;.vc_custom_1675261738486{padding-top: 3em !important;padding-bottom: 3em !important;}&#187;][vc_column width=&#187;7\/12&#8243; offset=&#187;vc_col-lg-7 vc_col-md-7 vc_col-xs-12&#8243;][vc_custom_heading text=&#187;\u0414\u043e\u0431\u0440\u043e \u043f\u043e\u0436\u0430\u043b\u043e\u0432\u0430\u0442\u044c \u0432 \u0441\u0442\u043e\u043c\u0430\u0442\u043e\u043b\u043e\u0433\u0438\u0447\u0435\u0441\u043a\u0443\u044e \u043a\u043b\u0438\u043d\u0438\u043a\u0443 Jannsen&#187; font_container=&#187;tag:h3|text_align:left&#187; use_theme_fonts=&#187;yes&#187; el_class=&#187;section-heading&#187;][vc_separator color=&#187;custom&#187; border_width=&#187;2&#8243; css_animation=&#187;none&#187; accent_color=&#187;#cbff0e&#187;][vc_column_text css=&#187;.vc_custom_1765901791012{margin-top: 20px !important;}&#187;]Oleme \u00fcle 25-aastase kogemusega kogu pere hambakliinik P\u00e4rnus. T\u00f6\u00f6tame k\u00f5ige kaasaegsemate seadmete ja materjalidega ning t\u00e4iendame oma teadmisi pidevalt nii kodu kui ka v\u00e4lismaal, mida t\u00f5estavad meie arstide p\u00e4devustunnistused. Parima tulemuse saavutamiseks konsulteerime meeleldi ja teeme tihedat koost\u00f6\u00f6d oma kolleegidega teistest hambaraviasutustest.<\/p>\n<p>Haigekassa lepingupartnerina ravime alla <a href=\"https:\/\/www.tervisekassa.ee\/inimesele\/hambaravi\/laste-hambaravi\">19-aastaseid tasuta<\/a>, samuti \u00a0saab meie kliinikus kasutada\u00a0<a href=\"https:\/\/www.haigekassa.ee\/hambaravi\/patsiendile\/hambaproteeside-huvitis\">proteesih\u00fcvitist.<\/a><\/p>\n<p><strong>K\u00fclastage meid ja leiame kindlasti Teile ning Teie l\u00e4hedastele sobiva lahenduse!<\/strong>[\/vc_column_text][\/vc_column][vc_column width=&#187;1\/12&#8243; offset=&#187;vc_hidden-sm vc_hidden-xs&#187;][\/vc_column][vc_column width=&#187;1\/3&#8243; offset=&#187;vc_col-lg-4 vc_col-md-4 vc_col-xs-12&#8243; el_class=&#187;working-hours-column&#187;][vc_custom_heading text=&#187;\u041d\u0430\u0448\u0438 \u0443\u0441\u043b\u0443\u0433\u0438&#187; font_container=&#187;tag:h3|text_align:left&#187; use_theme_fonts=&#187;yes&#187; el_class=&#187;section-heading&#187;][vc_separator color=&#187;custom&#187; border_width=&#187;2&#8243; css_animation=&#187;none&#187; accent_color=&#187;#cbff0e&#187;][vc_column_text css=&#187;.vc_custom_1675275234139{margin-top: 20px !important;}&#187;]<i class=\"fa-solid fa-caret-right\"><\/i>\u0423\u0445\u043e\u0434 \u0437\u0430 \u0437\u0443\u0431\u0430\u043c\u0438<br \/>\n<i class=\"fa-solid fa-caret-right\"><\/i>\u041b\u0435\u0447\u0435\u043d\u0438\u0435 \u043a\u043e\u0440\u043d\u0435\u0432\u044b\u0445 \u043a\u0430\u043d\u0430\u043b\u043e\u0432<br \/>\n<i class=\"fa-solid fa-caret-right\"><\/i>\u0425\u0438\u0440\u0443\u0440\u0433\u0438\u044f<br \/>\n<i class=\"fa-solid fa-caret-right\"><\/i>\u0425\u0438\u043c\u0438\u0447\u0435\u0441\u043a\u043e\u0435 \u043e\u0442\u0431\u0435\u043b\u0438\u0432\u0430\u043d\u0438\u0435<br \/>\n<i class=\"fa-solid fa-caret-right\"><\/i>\u041f\u0440\u043e\u0442\u0435\u0437\u0438\u0440\u043e\u0432\u0430\u043d\u0438\u0435<br \/>\n<i class=\"fa-solid fa-caret-right\"><\/i>\u0418\u043c\u043f\u043b\u0430\u043d\u0442\u044b<br \/>\n<i class=\"fa-solid fa-caret-right\"><\/i>\u0420\u0435\u043d\u0442\u0433\u0435\u043d<br \/>\n<i class=\"fa-solid fa-caret-right\"><\/i>\u0421\u043e\u0441\u0442\u0430\u0432\u043b\u0435\u043d\u0438\u0435 \u043f\u043b\u0430\u043d\u0430 \u043b\u0435\u0447\u0435\u043d\u0438\u044f<br \/>\n<i class=\"fa-solid fa-caret-right\"><\/i>\u041e\u0440\u0442\u043e\u0434\u043e\u043d\u0442\u0438\u044f<br \/>\n<i class=\"fa-solid fa-caret-right\"><\/i>\u0426\u0438\u0444\u0440\u043e\u0432\u0430\u044f \u0441\u0442\u043e\u043c\u0430\u0442\u043e\u043b\u043e\u0433\u0438\u044f[\/vc_column_text][\/vc_column][\/vc_row][vc_row full_width=&#187;stretch_row&#187; css=&#187;.vc_custom_1675261732511{padding-bottom: 2em !important;}&#187;][vc_column][vc_masonry_media_grid style=&#187;lazy&#187; gap=&#187;20&#8243; css=&#187;&#187; initial_loading_animation=&#187;fadeIn&#187; grid_id=&#187;vc_gid:1765901774300-80adfc78-109a-6&#8243; include=&#187;1938,3959,1902,3020,1900,1919,3069,3967,4030,4084,4110&#8243;][\/vc_column][\/vc_row]<\/p>\n<\/div>","protected":false},"excerpt":{"rendered":"<p>[vc_row css=&#187;.vc_custom_1678363171455{padding-top: 2em !important;padding-bottom: 2em !important;}&#187; el_id=&#187;note&#187; el_class=&#187;note&#187;][vc_column][lab_message type=&#187;warning&#187; message=&#187; \u041d\u0415 \u0417\u0410\u0411\u0423\u0414\u042c\u0422\u0415 \u041f\u041e\u0421\u0415\u0429\u0410\u0422\u042c \u041f\u041e\u041b\u041e\u0422\u0415\u041d\u0426\u0415\u0412\u041e\u0413\u041e \u0413\u0418\u0413\u0418\u0415\u041d\u0418\u0421\u0422\u0410 \u0420\u0410\u0417 \u0412 \u0413\u041e\u0414 &#171;][\/vc_column][\/vc_row][vc_row content_placement=&#187;middle&#187; video_bg=&#187;yes&#187; video_bg_url=&#187;https:\/\/www.youtube.com\/watch?v=9q53sEbhHZk&#187; video_bg_parallax=&#187;content-moving&#187; css_animation=&#187;none&#187; css=&#187;.vc_custom_1678363314888{background-position: center !important;background-repeat: no-repeat !important;background-size: cover !important;}&#187;][vc_column offset=&#187;vc_hidden-xs&#187;][vc_empty_space height=&#187;450px&#187;][\/vc_column][\/vc_row][vc_row content_placement=&#187;middle&#187; css_animation=&#187;none&#187; css=&#187;.vc_custom_1678363865814{background-position: center !important;background-repeat: no-repeat !important;background-size: cover !important;}&#187;][vc_column offset=&#187;vc_hidden-lg vc_hidden-md vc_hidden-sm&#187;][vc_images_carousel images=&#187;3018,4126,3972,3022,4124&#8243; img_size=&#187;large&#187; onclick=&#187;link_no&#187; speed=&#187;3000&#8243; autoplay=&#187;yes&#187; hide_pagination_control=&#187;yes&#187; wrap=&#187;yes&#187; css=&#187;&#187;][\/vc_column][\/vc_row][vc_row full_width=&#187;stretch_row&#187; el_class=&#187;welcome-box&#187;&hellip;<\/p>\n","protected":false},"author":1,"featured_media":2210,"parent":0,"menu_order":0,"comment_status":"closed","ping_status":"closed","template":"","meta":{"_acf_changed":false,"inline_featured_image":false,"footnotes":""},"class_list":["post-2227","page","type-page","status-publish","has-post-thumbnail","hentry"],"acf":[],"_links":{"self":[{"href":"https:\/\/jannseni.eu\/ru\/wp-json\/wp\/v2\/pages\/2227","targetHints":{"allow":["GET"]}}],"collection":[{"href":"https:\/\/jannseni.eu\/ru\/wp-json\/wp\/v2\/pages"}],"about":[{"href":"https:\/\/jannseni.eu\/ru\/wp-json\/wp\/v2\/types\/page"}],"author":[{"embeddable":true,"href":"https:\/\/jannseni.eu\/ru\/wp-json\/wp\/v2\/users\/1"}],"replies":[{"embeddable":true,"href":"https:\/\/jannseni.eu\/ru\/wp-json\/wp\/v2\/comments?post=2227"}],"version-history":[{"count":35,"href":"https:\/\/jannseni.eu\/ru\/wp-json\/wp\/v2\/pages\/2227\/revisions"}],"predecessor-version":[{"id":4898,"href":"https:\/\/jannseni.eu\/ru\/wp-json\/wp\/v2\/pages\/2227\/revisions\/4898"}],"wp:featuredmedia":[{"embeddable":true,"href":"https:\/\/jannseni.eu\/ru\/wp-json\/wp\/v2\/media\/2210"}],"wp:attachment":[{"href":"https:\/\/jannseni.eu\/ru\/wp-json\/wp\/v2\/media?parent=2227"}],"curies":[{"name":"wp","href":"https:\/\/api.w.org\/{rel}","templated":true}]}}